{"id":333,"date":"2024-04-24T17:12:13","date_gmt":"2024-04-24T17:12:13","guid":{"rendered":"https:\/\/tadem.eu\/?page_id=333"},"modified":"2024-04-24T17:14:31","modified_gmt":"2024-04-24T17:14:31","slug":"politica-de-privacidad","status":"publish","type":"page","link":"https:\/\/tadem.eu\/es\/politica-de-privacidad\/","title":{"rendered":"Politica de privacidad"},"content":{"rendered":"<p><b>Datos del propietario de la web:<\/b><\/p>\n<p>&nbsp;<\/p>\n<table>\n<tbody>\n<tr>\n<td><b>RAZ\u00d3N SOCIAL<\/b><\/td>\n<td><span style=\"font-weight: 400;\">TADEM GLOBAL CONSULTANTS S.L,.<\/span><\/td>\n<\/tr>\n<tr>\n<td><b>NIF<\/b><\/td>\n<td><span style=\"font-weight: 400;\">B66736042<\/span><\/td>\n<\/tr>\n<tr>\n<td><b>DOMINIO<\/b><\/td>\n<td><a href=\"https:\/\/tadem.eu\/es\/\"><span style=\"font-weight: 400;\">www.tadem.eu<\/span><\/a><\/td>\n<\/tr>\n<tr>\n<td><b>DIRECCI\u00d3N POSTAL<\/b><\/td>\n<td><span style=\"font-weight: 400;\">RAMBLA DE L&#8217;HOSPITAL, 42 Entresuelo,08500 VIC(BARCELONA)<\/span><\/td>\n<\/tr>\n<tr>\n<td><b>DIRECCI\u00d3N ELECTR\u00d3NICA<\/b><\/td>\n<td><a href=\"mailto:xcasals@tadem.eu\"><span style=\"font-weight: 400;\">xcasals@tadem.eu<\/span><\/a><\/td>\n<\/tr>\n<tr>\n<td><b>TEL\u00c9FONOS<\/b><\/td>\n<td><span style=\"font-weight: 400;\">938134718<\/span><\/td>\n<\/tr>\n<tr>\n<td><b>N\u00ba REGISTRO\/ DATOS ADICIONALES<\/b><\/td>\n<td><\/td>\n<\/tr>\n<\/tbody>\n<\/table>\n<p>&nbsp;<\/p>\n<h1><b>Protecci\u00f3n de datos<\/b><\/h1>\n<p><span style=\"font-weight: 400;\">De conformidad con la normativa vigente y aplicable en protecci\u00f3n de datos de car\u00e1cter personal, le informamos que sus datos ser\u00e1n incorporados al sistema de tratamiento titularidad de TADEM GLOBAL CONSULTANTS S.L,. con NIF B66736042 y domicilio social sito en RAMBLA DE L&#8217;HOSPITAL, 40\u00a0 \u00a0 1\u00ba,08500 VIC(BARCELONA), y que a continuaci\u00f3n se relacionan sus respectivas finalidades, plazos de conservaci\u00f3n y bases legitimadoras:<\/span><\/p>\n<table>\n<tbody>\n<tr>\n<td style=\"width: 938px;\" colspan=\"2\"><b>TRATAMIENTOS REALIZADOS<\/b><\/td>\n<\/tr>\n<tr>\n<td style=\"width: 191.32px;\"><span style=\"font-weight: 400;\">Acciones comerciales formulario web<\/span><\/td>\n<td style=\"width: 740.68px;\"><b>Finalidad<\/b><span style=\"font-weight: 400;\">: Captaci\u00f3n, registro y tratamiento de datos con finalidades de atender sus consultas y\/o solicitudes, as\u00ed como de publicidad y prospecci\u00f3n comercial<\/span><b>Plazo de conservaci\u00f3n: <\/b><span style=\"font-weight: 400;\">mientras se mantenga el consentimiento prestado, salvo obligaci\u00f3n legal<\/span><b>.<\/b><\/p>\n<p><b>Base leg\u00edtima<\/b><span style=\"font-weight: 400;\">: El consentimiento del interesado.<\/span><\/p>\n<p><b>Tipolog\u00eda de Datos<\/b><span style=\"font-weight: 400;\">: Datos b\u00e1sicos: Nombre y apellidos, Direcci\u00f3n electr\u00f3nica<\/span><\/td>\n<\/tr>\n<\/tbody>\n<\/table>\n<p><span style=\"font-weight: 400;\">\u00a0<\/span><\/p>\n<table>\n<tbody>\n<tr>\n<td><span style=\"font-weight: 400;\">Gesti\u00f3n usuarios web<\/span><\/td>\n<td><b>Finalidad<\/b><span style=\"font-weight: 400;\">: Captaci\u00f3n, registro y tratamiento de datos del usuario<\/span><b>Plazo de conservaci\u00f3n: <\/b><span style=\"font-weight: 400;\">mientras se mantenga el consentimiento prestado, salvo obligaci\u00f3n legal<\/span><b>.<\/b><\/p>\n<p><b>Base leg\u00edtima<\/b><span style=\"font-weight: 400;\">: El consentimiento del interesado.<\/span><\/p>\n<p><b>Tipolog\u00eda de Datos<\/b><span style=\"font-weight: 400;\">: Datos b\u00e1sicos: Nombre y apellidos, Direcci\u00f3n electr\u00f3nica<\/span><\/td>\n<\/tr>\n<tr>\n<td><span style=\"font-weight: 400;\">Instalaci\u00f3n de cookies<\/span><\/td>\n<td><b>Finalidad<\/b><span style=\"font-weight: 400;\">: Gesti\u00f3n e instalaci\u00f3n de las cookies<\/span><b>Plazo de conservaci\u00f3n: <\/b><span style=\"font-weight: 400;\">mientras se mantenga el consentimiento prestado<\/span><b>. Base leg\u00edtima<\/b><span style=\"font-weight: 400;\">: El consentimiento del interesado.<\/span><\/p>\n<p><b>Tipolog\u00eda de Datos<\/b><span style=\"font-weight: 400;\">: Datos b\u00e1sicos: Direcci\u00f3n electr\u00f3nica, Direcci\u00f3n IP<\/span><\/td>\n<\/tr>\n<tr>\n<td><span style=\"font-weight: 400;\">Newsletter<\/span><\/td>\n<td><b>Finalidad<\/b><span style=\"font-weight: 400;\">: Gesti\u00f3n de la suscripci\u00f3n a la newsletter, para realizar los env\u00edos correspondientes.<\/span><b>Plazo de conservaci\u00f3n: <\/b><span style=\"font-weight: 400;\">mientras se mantenga el consentimiento prestado<\/span><b>.<\/b><\/p>\n<p><b>Base leg\u00edtima<\/b><span style=\"font-weight: 400;\">: El consentimiento del interesado.<\/span><\/p>\n<p><b>Tipolog\u00eda de Datos<\/b><span style=\"font-weight: 400;\">: Datos b\u00e1sicos: Nombre y apellidos, Direcci\u00f3n electr\u00f3nica<\/span><\/td>\n<\/tr>\n<tr>\n<td><span style=\"font-weight: 400;\">Usuarios web<\/span><\/td>\n<td><b>Finalidad<\/b><span style=\"font-weight: 400;\">: Atender sus consultas y\/o solicitudes e Instalaci\u00f3n de cookies <\/span><b>Plazo de conservaci\u00f3n: <\/b><span style=\"font-weight: 400;\">mientras se mantenga el consentimiento prestado<\/span><b>. Base leg\u00edtima<\/b><span style=\"font-weight: 400;\">: El consentimiento del interesado.<\/span><\/p>\n<p><b>Tipolog\u00eda de Datos<\/b><span style=\"font-weight: 400;\">: Datos b\u00e1sicos: Nombre y apellidos, Direcci\u00f3n electr\u00f3nica, Direcci\u00f3n IP<\/span><\/td>\n<\/tr>\n<\/tbody>\n<\/table>\n<p>&nbsp;<\/p>\n<h1><b>Derechos de los interesados<\/b><\/h1>\n<p><span style=\"font-weight: 400;\">TADEM GLOBAL CONSULTANTS S.L,. informa a los Usuarios que, podr\u00e1 ejercer los derechos de acceso, rectificaci\u00f3n, limitaci\u00f3n, supresi\u00f3n, portabilidad, oposici\u00f3n al tratamiento de sus datos de car\u00e1cter personal y el derecho a no ser objeto de decisiones automatizadas, incluida la elaboraci\u00f3n de perfiles, ante el Responsable del Tratamiento, as\u00ed como a la retirada del consentimiento prestado.<\/span><\/p>\n<ul>\n<li><b>Derecho de Acceso<\/b><span style=\"font-weight: 400;\">: Es el derecho del usuario a obtener confirmaci\u00f3n sobre si se est\u00e1n tratando sus datos y, en tal caso, los concretos datos personales tratados y la informaci\u00f3n legal del tratamiento (finalidades, base legitimadora, plazos de conservaci\u00f3n, cesiones, origen de los datos, etc.).<\/span><\/li>\n<li><b>Derecho de Rectificaci\u00f3n<\/b><span style=\"font-weight: 400;\">: Es el derecho del afectado a que se modifiquen los datos que resulten ser inexactos o incompletos. En relaci\u00f3n a la p\u00e1gina web, s\u00f3lo podr\u00e1 satisfacerse en relaci\u00f3n a aquella informaci\u00f3n que se encuentre bajo el control del sitio web, por ejemplo, eliminar comentarios publicados en la propia p\u00e1gina, im\u00e1genes o contenidos web donde consten datos de car\u00e1cter personal del usuario.<\/span><\/li>\n<li><b>Derecho a la Limitaci\u00f3n de tratamiento<\/b><span style=\"font-weight: 400;\">: Es el derecho a que se limiten los fines del tratamiento previstos de forma original por el responsable del tratamiento en determinados supuestos.<\/span><\/li>\n<li><b>Derecho de Supresi\u00f3n<\/b><span style=\"font-weight: 400;\">: Es el derecho a suprimir los datos de car\u00e1cter personal del usuario, a excepci\u00f3n de lo previsto en el propio RGPD (libertad de expresi\u00f3n e informaci\u00f3n, obligaciones de conservaci\u00f3n, formulaci\u00f3n, ejercicio o defensa de reclamaciones, etc.).<\/span><\/li>\n<li><b>Derecho a la Portabilidad<\/b><span style=\"font-weight: 400;\">: El derecho a recibir los datos personales que el usuario haya facilitado, en un formato estructurado, de uso com\u00fan y lectura mec\u00e1nica, y a transmitirlos a otro responsable cuando <\/span><span style=\"font-weight: 400;\">el tratamiento est\u00e1 basado en el consentimiento o en la ejecuci\u00f3n de un contrato y se efect\u00fae por medios automatizados.<\/span><\/li>\n<li><b>Derecho de Oposici\u00f3n<\/b><span style=\"font-weight: 400;\">: Es el derecho del usuario a que no se lleve a cabo el tratamiento de sus datos de car\u00e1cter personal o se cese el tratamiento de los mismos por parte del sitio web cuando el tratamiento est\u00e9 basado en el inter\u00e9s leg\u00edtimo o el inter\u00e9s p\u00fablico o cuando se trate de tratamientos de mercadotecnia directa.<\/span><\/li>\n<li><b>Derecho a no ser objeto de decisiones automatizadas, incluida la elaboraci\u00f3n de perfiles<\/b><span style=\"font-weight: 400;\">: Cuando el tratamiento no es necesario para la celebraci\u00f3n o ejecuci\u00f3n de un contrato, ni est\u00e1 autorizada por el Derecho de la Uni\u00f3n Europea o de los Estados miembros ni se basa en el consentimiento, tiene derecho a no ser objeto de una decisi\u00f3n basada \u00fanicamente en el tratamiento automatizado, incluida la elaboraci\u00f3n de perfiles, que produzca efectos jur\u00eddicos o le afecte significativamente de modo similar.<\/span><\/li>\n<li><b>Derecho a retirar el consentimiento<\/b><span style=\"font-weight: 400;\">: Para cualquier tratamiento basado en su consentimiento, tiene derecho a retirarlo, en cualquier momento y de manera gratuita.<\/span><\/li>\n<\/ul>\n<p>&nbsp;<\/p>\n<p><strong>Para ejercer cualquiera de los derechos en materia de protecci\u00f3n de datos descritos anteriormente deber\u00e1 seguir las siguientes indicaciones:<\/strong><\/p>\n<ol>\n<li><span style=\"font-weight: 400;\">Presentaci\u00f3n de un escrito a la direcci\u00f3n RAMBLA DE L&#8217;HOSPITAL, 42 Entresuelo,08500 VIC(BARCELONA) (a la atenci\u00f3n de TADEM GLOBAL CONSULTANTS S.L,.) o bien a trav\u00e9s de correo electr\u00f3nico a por correo electr\u00f3nico a <\/span><a href=\"mailto:xcasals@tadem.eu\"><span style=\"font-weight: 400;\">xcasals@tadem.eu <\/span><\/a><span style=\"font-weight: 400;\">.<\/span><\/li>\n<li><span style=\"font-weight: 400;\">El escrito remitido por el titular de los datos personales (interesado\/a) que solicite el ejercicio de derechos deber\u00e1 tener en cuenta lo siguiente:<\/span><\/li>\n<\/ol>\n<ul>\n<li><span style=\"font-weight: 400;\">Deber\u00e1 identificarse fehacientemente y, en el caso de que concurran dudas sobre la identidad del solicitante, se le solicitar\u00e1 que subsane la petici\u00f3n (p. ej. solicitando m\u00e1s informaci\u00f3n, como el n\u00famero de DNI, el documento del DNI, el correo electr\u00f3nico que aport\u00f3, etc.)<\/span><\/li>\n<li><span style=\"font-weight: 400;\">La solicitud puede realizarla el representante, legal o voluntario, cuando \u00e9ste est\u00e9 debidamente identificado y autorizado por el titular de los datos (mediante una autorizaci\u00f3n expresa del titular para ejercer los derechos personal\u00edsimos regulados en la normativa en materia de protecci\u00f3n de datos personales).<\/span><\/li>\n<li><span style=\"font-weight: 400;\">Petici\u00f3n en que se concreta la solicitud (Derecho\/s que se pretende\/n ejercer). Si no hace referencia a un tratamiento concreto se le facilitar\u00e1 respuesta en relaci\u00f3n a todos los tratamientos que afectan\u00a0 a sus datos de car\u00e1cter personal. Si solicita informaci\u00f3n de un tratamiento en concreto, s\u00f3lo la informaci\u00f3n de \u00e9ste. Si lo solicita por tel\u00e9fono se le indicar\u00e1 que lo haga por escrito y se le informar\u00e1 de c\u00f3mo lo puede hacer y la direcci\u00f3n a la que tiene que enviarlo. Nunca se le dar\u00e1 informaci\u00f3n por tel\u00e9fono.<\/span><\/li>\n<li><span style=\"font-weight: 400;\">Direcci\u00f3n postal o electr\u00f3nica a efectos de notificaciones.<\/span><\/li>\n<li><span style=\"font-weight: 400;\">Documentos acreditativos de la petici\u00f3n que formula, en caso de que sean necesarios.<\/span><\/li>\n<li><span style=\"font-weight: 400;\">La persona solicitante debe utilizar cualquier medio que permita acreditar el env\u00edo y la recepci\u00f3n de la solicitud.<\/span><\/li>\n<\/ul>\n<p>&nbsp;<\/p>\n<p><span style=\"font-weight: 400;\">Por \u00faltimo, le informamos que tiene derecho a presentar una reclamaci\u00f3n ante la Agencia Espa\u00f1ola de Protecci\u00f3n de Datos en caso de que tenga conocimiento o considere que un hecho pueda suponer un incumplimiento de la normativa aplicable en materia de protecci\u00f3n de datos.<\/span><\/p>\n<p><span style=\"font-weight: 400;\">TADEM GLOBAL CONSULTANTS S.L,. se compromete a adoptar las medidas t\u00e9cnicas y organizativas necesarias, acorde al nivel de riesgos que acompa\u00f1an los tratamientos realizados por \u00e9stas e indicados en el apartado de los t\u00e9rminos y condiciones de uso, de forma que garanticen su integridad, confidencialidad y disponibilidad.<\/span><\/p>","protected":false},"excerpt":{"rendered":"<p>Datos del propietario de la web: &nbsp; RAZ\u00d3N SOCIAL TADEM GLOBAL CONSULTANTS S.L,. NIF B66736042 DOMINIO www.tadem.eu DIRECCI\u00d3N POSTAL RAMBLA DE L&#8217;HOSPITAL, 42 Entresuelo,08500 VIC(BARCELONA) DIRECCI\u00d3N ELECTR\u00d3NICA xcasals@tadem.eu TEL\u00c9FONOS 938134718 N\u00ba REGISTRO\/ DATOS ADICIONALES &nbsp; Protecci\u00f3n de datos De conformidad con la normativa vigente y aplicable en protecci\u00f3n de datos de car\u00e1cter personal, le informamos [&hellip;]<\/p>\n","protected":false},"author":1,"featured_media":0,"parent":0,"menu_order":0,"comment_status":"closed","ping_status":"closed","template":"","meta":{"_et_pb_use_builder":"","_et_pb_old_content":"","_et_gb_content_width":"","footnotes":""},"class_list":["post-333","page","type-page","status-publish","hentry"],"_links":{"self":[{"href":"https:\/\/tadem.eu\/es\/wp-json\/wp\/v2\/pages\/333","targetHints":{"allow":["GET"]}}],"collection":[{"href":"https:\/\/tadem.eu\/es\/wp-json\/wp\/v2\/pages"}],"about":[{"href":"https:\/\/tadem.eu\/es\/wp-json\/wp\/v2\/types\/page"}],"author":[{"embeddable":true,"href":"https:\/\/tadem.eu\/es\/wp-json\/wp\/v2\/users\/1"}],"replies":[{"embeddable":true,"href":"https:\/\/tadem.eu\/es\/wp-json\/wp\/v2\/comments?post=333"}],"version-history":[{"count":4,"href":"https:\/\/tadem.eu\/es\/wp-json\/wp\/v2\/pages\/333\/revisions"}],"predecessor-version":[{"id":337,"href":"https:\/\/tadem.eu\/es\/wp-json\/wp\/v2\/pages\/333\/revisions\/337"}],"wp:attachment":[{"href":"https:\/\/tadem.eu\/es\/wp-json\/wp\/v2\/media?parent=333"}],"curies":[{"name":"wp","href":"https:\/\/api.w.org\/{rel}","templated":true}]}}