{"id":359,"date":"2025-10-13T09:43:31","date_gmt":"2025-10-13T09:43:31","guid":{"rendered":"https:\/\/tadem.eu\/?page_id=359"},"modified":"2025-10-13T09:44:21","modified_gmt":"2025-10-13T09:44:21","slug":"projectes-participats","status":"publish","type":"page","link":"https:\/\/tadem.eu\/es\/projectes-participats\/","title":{"rendered":"Projectes participats"},"content":{"rendered":"<div class=\"entry-content\">\n<p>El projecte <strong><em>Sistemes d\u2019intel\u00b7lig\u00e8ncia artificial no invasius i escalables per a la millora de la gesti\u00f3 i productivitat de les granges porcines. PORCIA (<\/em><\/strong><strong>ACC_2023_EXP_SIA004_28_0000263),<\/strong> ha estat beneficiari \u00a0a trav\u00e9s del DARPA de la l\u00ednia d\u2019Ajuts per a l\u2019execuci\u00f3 de projectes de grups operatius de l\u2019Associaci\u00f3 Europea per a la Innovaci\u00f3 en mat\u00e8ria de productivitat i sostenibilitat agr\u00edcolas. L\u2019Ajut ha esta cofinan\u00e7at pel Fons FEADER i pel Departament d\u2019Agricultura, Ramaderia, Pesca i Alimentaci\u00f3 de la Generalitat de Catalunya.<\/p>\n<p>El grup operatiu que dur\u00e0 a terme PORCIA est\u00e0 format per 2 agents del sector productor porc\u00ed, 1 agent implicat en la innovaci\u00f3 i la transfer\u00e8ncia de coneixement, 1 agent representant del sector IA, i 1 agent representant del sector de la consultoria. Tots ells presenten un seguit de complementarietats a nivell d\u2019experteses que fan que el consorci format sigui del tot idoni per poder dur a terme amb \u00e8xit el present projecte.<\/p>\n<p>El projecte PORCIA, busca <strong>millorar l\u2019efici\u00e8ncia productiva i el benestar dels porcs<\/strong> d\u2019una manera no invasiva i escalable. PORCIA t\u00e9 com a objectiu principal la <strong>optimitzaci\u00f3 de la gesti\u00f3 d&#8217;una granja de porcs <\/strong><strong>en temps real mitjan\u00e7ant la implementaci\u00f3 de tecnologies de visi\u00f3 i intel\u00b7lig\u00e8ncia artificial<\/strong>. El sistema PORCIA proporcionar\u00e0 una supervisi\u00f3 integral i avan\u00e7ada per anticipar-se a possibles problemes de salut i millorar els processos de crian\u00e7a i engreix dels porcs. Alhora ajudar\u00e0 a la modernitzaci\u00f3 i reducci\u00f3 de la bretxa digital del sector agrari.<\/p>\n<p><img loading=\"lazy\" decoding=\"async\" class=\"alignnone wp-image-361\" src=\"https:\/\/tadem.eu\/wp-content\/uploads\/2025\/10\/logos-pla-estrategic.jpg\" alt=\"\" width=\"500\" height=\"84\" srcset=\"https:\/\/tadem.eu\/wp-content\/uploads\/2025\/10\/logos-pla-estrategic.jpg 500w, https:\/\/tadem.eu\/wp-content\/uploads\/2025\/10\/logos-pla-estrategic-480x81.jpg 480w\" sizes=\"auto, (min-width: 0px) and (max-width: 480px) 480px, (min-width: 481px) 500px, 100vw\" \/><\/p>\n<\/div>","protected":false},"excerpt":{"rendered":"<p>El projecte Sistemes d\u2019intel\u00b7lig\u00e8ncia artificial no invasius i escalables per a la millora de la gesti\u00f3 i productivitat de les granges porcines. PORCIA (ACC_2023_EXP_SIA004_28_0000263), ha estat beneficiari \u00a0a trav\u00e9s del DARPA de la l\u00ednia d\u2019Ajuts per a l\u2019execuci\u00f3 de projectes de grups operatius de l\u2019Associaci\u00f3 Europea per a la Innovaci\u00f3 en mat\u00e8ria de productivitat i [&hellip;]<\/p>\n","protected":false},"author":7,"featured_media":0,"parent":0,"menu_order":0,"comment_status":"closed","ping_status":"closed","template":"","meta":{"_et_pb_use_builder":"","_et_pb_old_content":"","_et_gb_content_width":"","footnotes":""},"class_list":["post-359","page","type-page","status-publish","hentry"],"_links":{"self":[{"href":"https:\/\/tadem.eu\/es\/wp-json\/wp\/v2\/pages\/359","targetHints":{"allow":["GET"]}}],"collection":[{"href":"https:\/\/tadem.eu\/es\/wp-json\/wp\/v2\/pages"}],"about":[{"href":"https:\/\/tadem.eu\/es\/wp-json\/wp\/v2\/types\/page"}],"author":[{"embeddable":true,"href":"https:\/\/tadem.eu\/es\/wp-json\/wp\/v2\/users\/7"}],"replies":[{"embeddable":true,"href":"https:\/\/tadem.eu\/es\/wp-json\/wp\/v2\/comments?post=359"}],"version-history":[{"count":2,"href":"https:\/\/tadem.eu\/es\/wp-json\/wp\/v2\/pages\/359\/revisions"}],"predecessor-version":[{"id":362,"href":"https:\/\/tadem.eu\/es\/wp-json\/wp\/v2\/pages\/359\/revisions\/362"}],"wp:attachment":[{"href":"https:\/\/tadem.eu\/es\/wp-json\/wp\/v2\/media?parent=359"}],"curies":[{"name":"wp","href":"https:\/\/api.w.org\/{rel}","templated":true}]}}